{"id":1862,"date":"2021-09-10T17:09:34","date_gmt":"2021-09-10T17:09:34","guid":{"rendered":"https:\/\/www.encontraitaquaquecetuba.com.br\/noticias\/?page_id=1862"},"modified":"2022-09-09T13:40:33","modified_gmt":"2022-09-09T13:40:33","slug":"sobre-itaquaquecetuba","status":"publish","type":"page","link":"https:\/\/www.encontraitaquaquecetuba.com.br\/sobre\/","title":{"rendered":"Sobre Itaquaquecetuba"},"content":{"rendered":"\n<h2>Cidades de SP: Limites &#8211; Cidades Vizinhas<\/h2>\n<p><a href=\"https:\/\/www.encontrasaopaulo.com.br\/\" target=\"_blank\" rel=\"noopener\">S\u00e3o Paulo<\/a>, <a href=\"https:\/\/www.encontramogidascruzes.com.br\/\" target=\"_blank\" rel=\"noopener\">Mogi das Cruzes<\/a>, <a href=\"https:\/\/www.encontrapoa.com.br\/\" target=\"_blank\" rel=\"noopener\">Po\u00e1<\/a>, <a href=\"https:\/\/www.encontrasuzano.com.br\/\" target=\"_blank\" rel=\"noopener\">Suzano<\/a>, <a href=\"https:\/\/www.encontraguarulhos.com.br\/\" target=\"_blank\" rel=\"noopener\">Guarulhos<\/a>, <a href=\"https:\/\/www.encontraferrazvasconcelos.com.br\/\" target=\"_blank\" rel=\"noopener\">Ferraz de Vasconcelos<\/a> e <a href=\"https:\/\/www.encontraaruja.com.br\/\" target=\"_blank\" rel=\"noopener\">Aruj\u00e1<\/a><\/p>\n<div style=\"display: flex; flex-wrap: wrap;\">\n<div>\n<h3>Dados Principais sobre Itaquaquecetuba<\/h3>\n<p><strong>Anivers\u00e1rio<\/strong>: 8 de Setembro<br \/>\n<strong>Funda\u00e7\u00e3o<\/strong> : 1560<br \/>\n<strong>Gent\u00edlico<\/strong>: itaquaquecetubense<br \/>\n<strong>Area<\/strong>: 81,777 Km\u00b2<br \/>\n<strong>Popula\u00e7\u00e3o<\/strong> 321.854 hab. (2009)<br \/>\n<strong>IDH<\/strong> 0,744 &#8211; m\u00e9dio<br \/>\n<strong>Prefeitura<\/strong> <a href=\"https:\/\/www.prefeituraitaquaquecetuba.org\/\" target=\"_blank\" rel=\"noopener\">Itaquaquecetuba<\/a><\/p>\n<\/div>\n<div style=\"float: left; display: flex; flex-wrap: wrap; align-items: stretch; flex-direction: column;\">\n<div style=\"margin-left: 8px; text-align: center;\"><img loading=\"lazy\" class=\"alignnone size-full wp-image-1864\" src=\"http:\/\/www.encontraitaquaquecetuba.com.br\/noticias\/wp-content\/uploads\/brasao-itaquaquecetuba.jpg\" alt=\"Bras\u00e3o de Itaquaquecetuba\" width=\"104\" height=\"119\" \/><br \/>\nBras\u00e3o de Itaquaquecetuba<\/div>\n<div style=\"margin-left: 8px; text-align: center;\"><img loading=\"lazy\" class=\"alignnone size-medium wp-image-1865\" src=\"http:\/\/www.encontraitaquaquecetuba.com.br\/noticias\/wp-content\/uploads\/bandeira-itaquaquecetuba.jpg\" alt=\"Bandeira de Itaquaquecetuba\" width=\"145\" height=\"93\" \/><br \/>\nBandeira de Itaquaquecetuba<\/div>\n<\/div>\n<\/div>\n<p>&nbsp;<\/p>\n<h2>V\u00eddeo sobre a cidade de Itaquaquecetuba<\/h2>\n<p><iframe loading=\"lazy\" title=\"Video sobre a Cidade de Itaquaquecetuba\" src=\"https:\/\/www.youtube.com\/embed\/Db3V3sGSiXw?rel=0\" width=\"100%\" height=\"300px\" frameborder=\"0\" allowfullscreen=\"allowfullscreen\"><\/iframe><\/p>\n<h2>Mapa Itaquaquecetuba<\/h2>\n<p><iframe loading=\"lazy\" src=\"https:\/\/maps.google.com.br\/maps?f=q&amp;source=s_q&amp;hl=pt-BR&amp;geocode=&amp;q=Itaquaquecetuba+-+S%C3%A3o+Paulo&amp;sll=-14.179186,-50.449219&amp;sspn=73.631448,113.027344&amp;ie=UTF8&amp;hq=&amp;hnear=Itaquaquecetuba+-+S%C3%A3o+Paulo&amp;ll=-23.475371,-46.363506&amp;spn=0.055109,0.0951&amp;z=13&amp;iwloc=A&amp;output=embed\" width=\"100%\" height=\"300px\" frameborder=\"0\" marginwidth=\"0\" marginheight=\"0\" scrolling=\"no\"><\/iframe><\/p>\n<h2>Hist\u00f3ria de Itaquaquecetuba<\/h2>\n<p><img loading=\"lazy\" class=\"alignnone size-medium wp-image-1863\" src=\"http:\/\/www.encontraitaquaquecetuba.com.br\/noticias\/wp-content\/uploads\/cidade-itaquaquecetuba-300x105.jpg\" alt=\"\" width=\"100%\" height=\"auto\" srcset=\"https:\/\/www.encontraitaquaquecetuba.com.br\/sobre\/wp-content\/uploads\/cidade-itaquaquecetuba-300x105.jpg 300w, https:\/\/www.encontraitaquaquecetuba.com.br\/sobre\/wp-content\/uploads\/cidade-itaquaquecetuba.jpg 565w\" sizes=\"(max-width: 300px) 100vw, 300px\" \/><\/p>\n<p><a href=\"https:\/\/www.encontraitaquaquecetuba.com.br\/\">Itaquaquecetuba<\/a> \u00e9 um munic\u00edpio brasileiro do estado de S\u00e3o Paulo, na Regi\u00e3o Metropolitana da capital paulista, microrregi\u00e3o de Mogi das Cruzes. A popula\u00e7\u00e3o em 2010 \u00e9 de 321.854 habitantes e a \u00e1rea \u00e9 de 81,8 km\u00b2, o que resulta numa densidade demogr\u00e1fica de 3.935,75 hab\/km\u00b2.<\/p>\n<h3>Clima<\/h3>\n<p>O clima do munic\u00edpio, como em toda a Regi\u00e3o Metropolitana de SP, \u00e9 o Subtropical. Ver\u00e3o pouco quente e chuvoso. Inverno ameno e subseco. A m\u00e9dia de temperatura anual gira em torno dos 18\u00b0C, sendo o m\u00eas mais frio Julho (M\u00e9dia de 14\u00b0C) e o mais quente Fevereiro (M\u00e9dia de 22\u00b0C). O \u00edndice pluviom\u00e9trico anual fica em torno de 1400 mm.<\/p>\n<h3>Sa\u00fade<\/h3>\n<p>O munic\u00edpio abriga a 7\u00aa melhor maternidade do Estado de S\u00e3o Paulo, o Hospital Geral de Itaquaquecetuba obteve a nota 8,936 na pesquisa de satisfa\u00e7\u00e3o dos usu\u00e1rios do Sistema \u00danico de Sa\u00fade. Esse levantamento foi elaborado pela Secretaria Estadual de Sa\u00fade de S\u00e3o Paulo no per\u00edodo de mar\u00e7o de 2009 e janeiro de 2010, ao todo foram 158 mil pacientes entrevistados de 630 estabelecimentos.<\/p>\n<p>A primeira colocada na pesquisa de satisfa\u00e7\u00e3o dos pacientes dos Sistema \u00danico de Sa\u00fade \u00e9 o Hospital Santa Marcelina de Itaquera (S\u00e3o Paulo), o hospital tirou nota 9,126.<\/p>\n<h3>Economia<\/h3>\n<p>O munic\u00edpio tem forte voca\u00e7\u00e3o industrial, e possui cerca de 450 ind\u00fastrias de acordo com a Frente Empresarial Pr\u00f3-Itaquaquecetuba (FEMPI). S\u00e3o ind\u00fastrias diversificadas presentes notadamente em tr\u00eas p\u00f3los industriais consolidados, que s\u00e3o atra\u00eddas pela <a href=\"https:\/\/www.rodoviaayrtonsenna.com.br\/\" target=\"_blank\" rel=\"noopener\">Rodovia Ayrton Senna<\/a>; al\u00e9m da Rodovia Mogi-Dutra (SP-88), que corta o munic\u00edpio, e do Trecho Leste do <a href=\"https:\/\/www.rodoanel.org\/\" target=\"_blank\" rel=\"noopener\">Rodoanel Metropolitano de S\u00e3o Paulo<\/a>.<\/p>\n<p>Existem investimentos por parte da administra\u00e7\u00e3o municipal para atrair mais ind\u00fastrias ao munic\u00edpio. Segundo o presidente da Frente Empresarial Pr\u00f3-Itaquaquecetuba (FEMPI) a m\u00e3o-de-obra local \u00e9 barata e est\u00e1 sendo constru\u00eddo um terminal de cargas, o que representa um grande incentivo para a vinda de novas ind\u00fastrias.<\/p>\n<p>Um dado de 2007 indicou que 27% da popula\u00e7\u00e3o da <a href=\"https:\/\/www.encontraitaquaquecetuba.com.br\/\">Cidade Itaquaquecetuba<\/a> n\u00e3o tem emprego formal no munic\u00edpio. Isso segundo a secret\u00e1ria de educa\u00e7\u00e3o Marina Della Vedova se deve a falta de qualifica\u00e7\u00e3o dos habitantes do munic\u00edpio.<\/p>\n<p>Para homenagear a comunidade de moradores desta maravilhosa cidade, o <a href=\"https:\/\/www.encontrasaopaulo.com.br\/\" target=\"_blank\" rel=\"noopener\">Encontra S\u00e3o Paulo<\/a> criou o <a href=\"https:\/\/www.encontraitaquaquecetuba.com.br\/\">Encontra Itaquaquecetuba<\/a>.<\/p>\n<p>&nbsp;<\/p>\n<p><!-- Geral - Bloco Links 2019 --><br \/>\n<ins class=\"adsbygoogle\" style=\"display: block;\" data-ad-client=\"ca-pub-7321736592693252\" data-ad-slot=\"9589494530\" data-ad-format=\"link\" data-full-width-responsive=\"true\"><\/ins><br \/>\n<script>\n     (adsbygoogle = window.adsbygoogle || []).push({});\n<\/script><\/p>\n<p>&nbsp;<\/p>\n<p><ins class=\"adsbygoogle\" style=\"display: block;\" data-ad-format=\"autorelaxed\" data-ad-client=\"ca-pub-7321736592693252\" data-ad-slot=\"4604212074\"><\/ins><br \/>\n<script>\n     (adsbygoogle = window.adsbygoogle || []).push({});\n<\/script><\/p>\n\n<div style=\"font-size: 0px; height: 0px; line-height: 0px; margin: 0; padding: 0; clear: both;\"><\/div>","protected":false},"excerpt":{"rendered":"<p>Cidades de SP: Limites &#8211; Cidades Vizinhas S\u00e3o Paulo, Mogi das Cruzes, Po\u00e1, Suzano, Guarulhos, Ferraz de Vasconcelos e Aruj\u00e1 Dados Principais sobre Itaquaquecetuba Anivers\u00e1rio: 8 de Setembro Funda\u00e7\u00e3o : 1560 Gent\u00edlico: itaquaquecetubense Area: 81,777 Km\u00b2 Popula\u00e7\u00e3o 321.854 hab. (2009) IDH 0,744 &#8211; m\u00e9dio Prefeitura Itaquaquecetuba Bras\u00e3o de Itaquaquecetuba Bandeira de Itaquaquecetuba &nbsp; V\u00eddeo sobre a cidade de Itaquaquecetuba Mapa Itaquaquecetuba Hist\u00f3ria de Itaquaquecetuba Itaquaquecetuba \u00e9 um munic\u00edpio brasileiro do estado de S\u00e3o Paulo, na Regi\u00e3o Metropolitana da capital paulista, microrregi\u00e3o de Mogi das Cruzes. A popula\u00e7\u00e3o em 2010 \u00e9 de 321.854 habitantes e a \u00e1rea \u00e9 de 81,8 km\u00b2, <\/p>\n","protected":false},"author":1,"featured_media":0,"parent":0,"menu_order":0,"comment_status":"closed","ping_status":"closed","template":"","meta":[],"yoast_head":"<!-- This site is optimized with the Yoast SEO plugin v19.6.1 - https:\/\/yoast.com\/wordpress\/plugins\/seo\/ -->\n<title>Sobre Itaquaquecetuba - Encontra Itaquaquecetuba<\/title>\n<meta name=\"robots\" content=\"index, follow, max-snippet:-1, max-image-preview:large, max-video-preview:-1\" \/>\n<link rel=\"canonical\" href=\"https:\/\/www.encontraitaquaquecetuba.com.br\/sobre\/\" \/>\n<meta property=\"og:locale\" content=\"pt_BR\" \/>\n<meta property=\"og:type\" content=\"article\" \/>\n<meta property=\"og:title\" content=\"Sobre Itaquaquecetuba - Encontra Itaquaquecetuba\" \/>\n<meta property=\"og:description\" content=\"Cidades de SP: Limites &#8211; Cidades Vizinhas S\u00e3o Paulo, Mogi das Cruzes, Po\u00e1, Suzano, Guarulhos, Ferraz de Vasconcelos e Aruj\u00e1 Dados Principais sobre Itaquaquecetuba Anivers\u00e1rio: 8 de Setembro Funda\u00e7\u00e3o : 1560 Gent\u00edlico: itaquaquecetubense Area: 81,777 Km\u00b2 Popula\u00e7\u00e3o 321.854 hab. (2009) IDH 0,744 &#8211; m\u00e9dio Prefeitura Itaquaquecetuba Bras\u00e3o de Itaquaquecetuba Bandeira de Itaquaquecetuba &nbsp; V\u00eddeo sobre a cidade de Itaquaquecetuba Mapa Itaquaquecetuba Hist\u00f3ria de Itaquaquecetuba Itaquaquecetuba \u00e9 um munic\u00edpio brasileiro do estado de S\u00e3o Paulo, na Regi\u00e3o Metropolitana da capital paulista, microrregi\u00e3o de Mogi das Cruzes. A popula\u00e7\u00e3o em 2010 \u00e9 de 321.854 habitantes e a \u00e1rea \u00e9 de 81,8 km\u00b2,\" \/>\n<meta property=\"og:url\" content=\"https:\/\/www.encontraitaquaquecetuba.com.br\/sobre\/\" \/>\n<meta property=\"og:site_name\" content=\"Encontra Itaquaquecetuba\" \/>\n<meta property=\"article:modified_time\" content=\"2022-09-09T13:40:33+00:00\" \/>\n<meta property=\"og:image\" content=\"http:\/\/www.encontraitaquaquecetuba.com.br\/noticias\/wp-content\/uploads\/brasao-itaquaquecetuba.jpg\" \/>\n<meta name=\"twitter:card\" content=\"summary_large_image\" \/>\n<meta name=\"twitter:label1\" content=\"Est. tempo de leitura\" \/>\n\t<meta name=\"twitter:data1\" content=\"3 minutos\" \/>\n<script type=\"application\/ld+json\" class=\"yoast-schema-graph\">{\"@context\":\"https:\/\/schema.org\",\"@graph\":[{\"@type\":\"WebPage\",\"@id\":\"https:\/\/www.encontraitaquaquecetuba.com.br\/sobre\/\",\"url\":\"https:\/\/www.encontraitaquaquecetuba.com.br\/sobre\/\",\"name\":\"Sobre Itaquaquecetuba - Encontra Itaquaquecetuba\",\"isPartOf\":{\"@id\":\"https:\/\/www.encontraitaquaquecetuba.com.br\/sobre\/#website\"},\"datePublished\":\"2021-09-10T17:09:34+00:00\",\"dateModified\":\"2022-09-09T13:40:33+00:00\",\"breadcrumb\":{\"@id\":\"https:\/\/www.encontraitaquaquecetuba.com.br\/sobre\/#breadcrumb\"},\"inLanguage\":\"pt-BR\",\"potentialAction\":[{\"@type\":\"ReadAction\",\"target\":[\"https:\/\/www.encontraitaquaquecetuba.com.br\/sobre\/\"]}]},{\"@type\":\"BreadcrumbList\",\"@id\":\"https:\/\/www.encontraitaquaquecetuba.com.br\/sobre\/#breadcrumb\",\"itemListElement\":[{\"@type\":\"ListItem\",\"position\":1,\"name\":\"In\u00edcio\",\"item\":\"https:\/\/www.encontraitaquaquecetuba.com.br\/sobre\/\"},{\"@type\":\"ListItem\",\"position\":2,\"name\":\"Sobre Itaquaquecetuba\"}]},{\"@type\":\"WebSite\",\"@id\":\"https:\/\/www.encontraitaquaquecetuba.com.br\/sobre\/#website\",\"url\":\"https:\/\/www.encontraitaquaquecetuba.com.br\/sobre\/\",\"name\":\"Encontra Itaquaquecetuba\",\"description\":\"Not\u00edcias, eventos, informa\u00e7\u00f5es e dicas na cidade de Itaquaquecetuba e regi\u00e3o\",\"potentialAction\":[{\"@type\":\"SearchAction\",\"target\":{\"@type\":\"EntryPoint\",\"urlTemplate\":\"https:\/\/www.encontraitaquaquecetuba.com.br\/sobre\/?s={search_term_string}\"},\"query-input\":\"required name=search_term_string\"}],\"inLanguage\":\"pt-BR\"}]}<\/script>\n<!-- \/ Yoast SEO plugin. -->","yoast_head_json":{"title":"Sobre Itaquaquecetuba - Encontra Itaquaquecetuba","robots":{"index":"index","follow":"follow","max-snippet":"max-snippet:-1","max-image-preview":"max-image-preview:large","max-video-preview":"max-video-preview:-1"},"canonical":"https:\/\/www.encontraitaquaquecetuba.com.br\/sobre\/","og_locale":"pt_BR","og_type":"article","og_title":"Sobre Itaquaquecetuba - Encontra Itaquaquecetuba","og_description":"Cidades de SP: Limites &#8211; Cidades Vizinhas S\u00e3o Paulo, Mogi das Cruzes, Po\u00e1, Suzano, Guarulhos, Ferraz de Vasconcelos e Aruj\u00e1 Dados Principais sobre Itaquaquecetuba Anivers\u00e1rio: 8 de Setembro Funda\u00e7\u00e3o : 1560 Gent\u00edlico: itaquaquecetubense Area: 81,777 Km\u00b2 Popula\u00e7\u00e3o 321.854 hab. (2009) IDH 0,744 &#8211; m\u00e9dio Prefeitura Itaquaquecetuba Bras\u00e3o de Itaquaquecetuba Bandeira de Itaquaquecetuba &nbsp; V\u00eddeo sobre a cidade de Itaquaquecetuba Mapa Itaquaquecetuba Hist\u00f3ria de Itaquaquecetuba Itaquaquecetuba \u00e9 um munic\u00edpio brasileiro do estado de S\u00e3o Paulo, na Regi\u00e3o Metropolitana da capital paulista, microrregi\u00e3o de Mogi das Cruzes. A popula\u00e7\u00e3o em 2010 \u00e9 de 321.854 habitantes e a \u00e1rea \u00e9 de 81,8 km\u00b2,","og_url":"https:\/\/www.encontraitaquaquecetuba.com.br\/sobre\/","og_site_name":"Encontra Itaquaquecetuba","article_modified_time":"2022-09-09T13:40:33+00:00","og_image":[{"url":"http:\/\/www.encontraitaquaquecetuba.com.br\/noticias\/wp-content\/uploads\/brasao-itaquaquecetuba.jpg"}],"twitter_card":"summary_large_image","twitter_misc":{"Est. tempo de leitura":"3 minutos"},"schema":{"@context":"https:\/\/schema.org","@graph":[{"@type":"WebPage","@id":"https:\/\/www.encontraitaquaquecetuba.com.br\/sobre\/","url":"https:\/\/www.encontraitaquaquecetuba.com.br\/sobre\/","name":"Sobre Itaquaquecetuba - Encontra Itaquaquecetuba","isPartOf":{"@id":"https:\/\/www.encontraitaquaquecetuba.com.br\/sobre\/#website"},"datePublished":"2021-09-10T17:09:34+00:00","dateModified":"2022-09-09T13:40:33+00:00","breadcrumb":{"@id":"https:\/\/www.encontraitaquaquecetuba.com.br\/sobre\/#breadcrumb"},"inLanguage":"pt-BR","potentialAction":[{"@type":"ReadAction","target":["https:\/\/www.encontraitaquaquecetuba.com.br\/sobre\/"]}]},{"@type":"BreadcrumbList","@id":"https:\/\/www.encontraitaquaquecetuba.com.br\/sobre\/#breadcrumb","itemListElement":[{"@type":"ListItem","position":1,"name":"In\u00edcio","item":"https:\/\/www.encontraitaquaquecetuba.com.br\/sobre\/"},{"@type":"ListItem","position":2,"name":"Sobre Itaquaquecetuba"}]},{"@type":"WebSite","@id":"https:\/\/www.encontraitaquaquecetuba.com.br\/sobre\/#website","url":"https:\/\/www.encontraitaquaquecetuba.com.br\/sobre\/","name":"Encontra Itaquaquecetuba","description":"Not\u00edcias, eventos, informa\u00e7\u00f5es e dicas na cidade de Itaquaquecetuba e regi\u00e3o","potentialAction":[{"@type":"SearchAction","target":{"@type":"EntryPoint","urlTemplate":"https:\/\/www.encontraitaquaquecetuba.com.br\/sobre\/?s={search_term_string}"},"query-input":"required name=search_term_string"}],"inLanguage":"pt-BR"}]}},"_links":{"self":[{"href":"https:\/\/www.encontraitaquaquecetuba.com.br\/sobre\/wp-json\/wp\/v2\/pages\/1862"}],"collection":[{"href":"https:\/\/www.encontraitaquaquecetuba.com.br\/sobre\/wp-json\/wp\/v2\/pages"}],"about":[{"href":"https:\/\/www.encontraitaquaquecetuba.com.br\/sobre\/wp-json\/wp\/v2\/types\/page"}],"author":[{"embeddable":true,"href":"https:\/\/www.encontraitaquaquecetuba.com.br\/sobre\/wp-json\/wp\/v2\/users\/1"}],"replies":[{"embeddable":true,"href":"https:\/\/www.encontraitaquaquecetuba.com.br\/sobre\/wp-json\/wp\/v2\/comments?post=1862"}],"version-history":[{"count":0,"href":"https:\/\/www.encontraitaquaquecetuba.com.br\/sobre\/wp-json\/wp\/v2\/pages\/1862\/revisions"}],"wp:attachment":[{"href":"https:\/\/www.encontraitaquaquecetuba.com.br\/sobre\/wp-json\/wp\/v2\/media?parent=1862"}],"curies":[{"name":"wp","href":"https:\/\/api.w.org\/{rel}","templated":true}]}}